{"id":5328,"date":"2025-02-07T09:47:31","date_gmt":"2025-02-07T09:47:31","guid":{"rendered":"https:\/\/indigitall.ankaa.dev\/inicial\/"},"modified":"2025-05-23T17:09:57","modified_gmt":"2025-05-23T17:09:57","slug":"inicial","status":"publish","type":"page","link":"https:\/\/indigitall.ankaa.dev\/br\/","title":{"rendered":"Inicial"},"content":{"rendered":"","protected":false},"excerpt":{"rendered":"","protected":false},"author":3,"featured_media":0,"parent":0,"menu_order":0,"comment_status":"closed","ping_status":"closed","template":"","meta":{"_acf_changed":false},"class_list":["post-5328","page","type-page","status-publish","hentry"],"acf":{"flexible_content":[{"acf_fc_layout":"hero_home","background_type":"image","dark_filter":0,"background_image":7773,"background_image_mobile":5711,"background_video":null,"background_video_mobile":null,"title":"A solu\u00e7\u00e3o completa \r\nde marketing omnichannel","herohome_subtitle":"","button_1":{"title":"","url":"#getstarted","target":""},"button_2":{"title":"Contato com vendas","url":"https:\/\/indigitall.ankaa.dev\/br\/fale-com-vendas\/","target":""},"icon_button_2":5375},{"acf_fc_layout":"grid_brand_cards","pretitle":"GLOBAL","title":"Deixando um rastro de confian\u00e7a ao redor do mundo","custom_background_color":false,"background_color":"","custom_brands":false,"brands":null},{"acf_fc_layout":"sections_fixed_images","design":false,"title":"","link":null,"sections":[{"title":"Crie conex\u00f5es mais profundas com seu p\u00fablico","subtitle":"Otimiza\u00e7\u00e3o omnichannel","index":"01","text":"Conecte-se com seus clientes em todos os canais, garantindo que sua mensagem seja n\u00e3o apenas oportuna, mas tamb\u00e9m impactante.","link":{"title":"Por que a indigitall?","url":"https:\/\/indigitall.ankaa.dev\/br\/por-que\/","target":""},"list":null,"tag":"","media_type":"image","image":7777,"image_mobile":7780,"video":null,"video_mobile":null},{"title":"Mais que uma campanha, uma jornada encantadora do cliente","subtitle":"Jornada do cliente","index":"02","text":"Impulsione o engajamento, as vendas e o LTV (Valor Vital\u00edcio do Cliente) com nossa plataforma de orquestra\u00e7\u00e3o de jornada do cliente alimentada por IA.","link":{"title":"Learn more","url":"https:\/\/indigitall.ankaa.dev\/customer-journey\/","target":""},"list":null,"tag":"","media_type":"image","image":7790,"image_mobile":7787,"video":5380,"video_mobile":null},{"title":"Podemos impulsionar seu neg\u00f3cio. Vamos ver como?","subtitle":"Plataforma indigitall\u00ae","index":"03","text":"Nossa plataforma de jornada do cliente permite que voc\u00ea se conecte com seus clientes em todos os canais.","link":{"title":"Product overview","url":"https:\/\/indigitall.ankaa.dev\/product-overview\/","target":""},"list":null,"tag":"","media_type":"image","image":7783,"image_mobile":5405,"video":null,"video_mobile":null},{"title":"N\u00f3s vemos o seu futuro, e ele \u00e9 alimentado por nossa IA","subtitle":"indigitall\u00ae IA","index":"04","text":"Aprendizado de m\u00e1quina avan\u00e7ado e an\u00e1lises preditivas ajudam a criar campanhas hiperpersonalizadas, otimizar o engajamento e aumentar as convers\u00f5es.","link":{"title":"Learn more","url":"https:\/\/indigitall.ankaa.dev\/indigitall-ai\/","target":""},"list":null,"tag":"","media_type":"video","image":5378,"image_mobile":null,"video":5381,"video_mobile":null}],"list_collapsed":false},{"acf_fc_layout":"slider_big_cards","pretitle":"CASOS DE SUCESSO","title":"Escolhida por empresas\r\nao redor do mundo","link":null,"cards":[{"card_type":"story","background_type":"image","background":5417,"background_mobile":5419,"logo":null,"link":null,"pretitle":"","title":"","text":"A indigitall recebeu 42 pr\u00eamios no relat\u00f3rio de primavera da G2 Crowd e \u00e9 uma das principais escolhas para empresas globais, sendo reconhecida como High Performer nos segmentos de Mid-Market e Small Business em v\u00e1rios mercados.","footer_text":"","card_title":"","card_text":""},{"card_type":"story","background_type":"image","background":7097,"background_mobile":8585,"logo":null,"link":null,"pretitle":"","title":"","text":"\"Uso a indigitall h\u00e1 cinco anos e posso recomend\u00e1-la a qualquer profissional de marketing. \u00c9 uma ferramenta fundamental no nosso dia a dia para comunica\u00e7\u00e3o e intera\u00e7\u00e3o com todo o nosso p\u00fablico.\"","footer_text":"Marcos Fernandez - Gerente de M\u00eddias Sociais na OkDiario","card_title":"","card_text":""},{"card_type":"story","background_type":"image","background":5486,"background_mobile":5487,"logo":null,"link":null,"pretitle":"","title":"","text":"\"A plataforma da indigitall nos ajudou a construir uma solu\u00e7\u00e3o personalizada para aumentar a satisfa\u00e7\u00e3o e o LTV por meio do WhatsApp.\"","footer_text":"Pol Fisas - Diretor Digital na Incapto","card_title":"20%","card_text":"Redu\u00e7\u00e3o nos Custos Operacionais de Atendimento ao Cliente"},{"card_type":"default","background_type":"image","background":5494,"background_mobile":5493,"logo":null,"link":null,"pretitle":"","title":"","text":"\"O melhor da indigitall \u00e9 a proximidade; as pessoas com quem falamos est\u00e3o sempre dispon\u00edveis para o que precisamos. A interface \u00e9 muito simples e intuitiva, o que facilita o trabalho. \u00c9 uma ferramenta feita para o usu\u00e1rio.\"","footer_text":"Jordi Aymar - CMO no Grupo Proclinic","card_title":"","card_text":""},{"card_type":"default","background_type":"image","background":6385,"background_mobile":6386,"logo":null,"link":null,"pretitle":"","title":"","text":"\"A indigitall melhorou a experi\u00eancia dos nossos clientes com o desenvolvimento de um poderoso chatbot no WhatsApp. Desde que o implementamos, as chamadas para nosso atendimento diminu\u00edram e a satisfa\u00e7\u00e3o do cliente aumentou com esse novo canal de servi\u00e7o. O suporte deles sempre resolve os problemas de forma r\u00e1pida e eficaz.\"","footer_text":"Igor L\u00f3pez-Luna - Gerente de Atendimento ao Cliente na Wible","card_title":"","card_text":""},{"card_type":"default","background_type":"image","background":8586,"background_mobile":8587,"logo":null,"link":null,"pretitle":"","title":"","text":"\"A indigitall nos permitiu fortalecer a estrat\u00e9gia digital da nossa empresa, melhorando substancialmente a experi\u00eancia dos nossos clientes atuais por meio de comunica\u00e7\u00f5es mais pessoais, contextualizadas e segmentadas usando a plataforma de notifica\u00e7\u00f5es web.\"","footer_text":"Adri\u00e1n Valenzuela - Diretor Digital na Bed, Bath, and Beyond**","card_title":"","card_text":""}]},{"acf_fc_layout":"slider_cards","pretitle":"SOLU\u00c7\u00d5ES","link":null,"title":"Solu\u00e7\u00f5es Essenciais para\r\nTodo o Seu Neg\u00f3cio","text":"<span style=\"font-weight: 400;\">Criando experi\u00eancias perfeitas que transformam cada intera\u00e7\u00e3o com o cliente em uma conex\u00e3o significativa e crescimento duradouro.<\/span>","card_size":"normal","logo_size":"normal","cards":[{"icon":5386,"title":"Aumentar o Engajamento","text":"<span style=\"font-weight: 400;\">Transformando cada intera\u00e7\u00e3o em uma conex\u00e3o duradoura.<\/span>","link":{"title":"Increase engagement","url":"https:\/\/indigitall.ankaa.dev\/use-case\/increase-engagement\/","target":""}},{"icon":5385,"title":"Converter Mais Clientes","text":"<span style=\"font-weight: 400;\">Transformando cada intera\u00e7\u00e3o em uma conex\u00e3o duradoura.<\/span>","link":{"title":"Convert More Customers","url":"https:\/\/indigitall.ankaa.dev\/use-case\/convert-more-customers\/","target":""}},{"icon":5384,"title":"Gerenciar o Ciclo de Vida do Cliente","text":"<span style=\"font-weight: 400;\">Transformando cada intera\u00e7\u00e3o em uma conex\u00e3o duradoura.<\/span>","link":{"title":"Manage customer lifecycle","url":"https:\/\/indigitall.ankaa.dev\/use-case\/manage-customer-lifecycle\/","target":""}},{"icon":5383,"title":"Upselling & \r\nCross-Selling","text":"<span style=\"font-weight: 400;\">Transformando cada intera\u00e7\u00e3o em uma conex\u00e3o duradoura.<\/span>","link":{"title":"Upsell & Cross-Sell","url":"https:\/\/indigitall.ankaa.dev\/use-case\/upsell-cross-sell\/","target":""}}]},{"acf_fc_layout":"slider_channels","pretitle":"CANAIS DE ENTRADA E SA\u00cdDA","title":"Canais que Atingem os\r\nUsu\u00e1rios Onde Eles Estiverem"},{"acf_fc_layout":"industries_sectors_access_cards","pretitle":"SETORES E IND\u00daSTRIAS","title":"Expertise para o Seu Tipo\r\nde Neg\u00f3cio","button":{"title":"","url":"#getstarted","target":""},"cards":[{"text":"Varejo & \r\neCommerce","icon":5393,"image":5398,"link":{"title":"Retail & eCommerce","url":"https:\/\/indigitall.ankaa.dev\/industry\/retail-ecommerce\/","target":""}},{"text":"Banco & \r\nSeguros","icon":5392,"image":5397,"link":{"title":"Bank & Insurance","url":"https:\/\/indigitall.ankaa.dev\/industry\/bank-insurance\/","target":""}},{"text":"Alimentos &\r\nBebidas","icon":5391,"image":5396,"link":{"title":"Food & Beverage","url":"https:\/\/indigitall.ankaa.dev\/industry\/food-beverage\/","target":""}},{"text":"Telecom & \r\nM\u00eddia","icon":5390,"image":5399,"link":{"title":"Telco & Media","url":"https:\/\/indigitall.ankaa.dev\/industry\/telco-media\/","target":""}},{"text":"Viagens & \r\nHospitalidade","icon":5389,"image":5394,"link":{"title":"Travel & Hospitality","url":"https:\/\/indigitall.ankaa.dev\/industry\/travel-hospitality\/","target":""}}]},{"acf_fc_layout":"the_indigitall_way"}],"hide_slider_blog":false,"slider_blog_custom_tag":null,"hide_mobile_fixed_buttons":false,"mobile_fixed_button_1":null,"mobile_fixed_button_2":null,"icon_mobile_fixed_button_2":"","download_ebook":false,"ebook_title":""},"yoast_head":"<!-- This site is optimized with the Yoast SEO plugin v26.5 - https:\/\/yoast.com\/wordpress\/plugins\/seo\/ -->\n<title>Todas as Comunica\u00e7\u00f5es de Sa\u00edda e Entrada em uma \u00danica Plataforma<\/title>\n<meta name=\"description\" content=\"A \u00fanica Plataforma de Viagem do Cliente que incorpora e automatiza todos os canais de comunica\u00e7\u00e3o digital.\" \/>\n<meta name=\"robots\" content=\"index, follow, max-snippet:-1, max-image-preview:large, max-video-preview:-1\" \/>\n<link rel=\"canonical\" href=\"https:\/\/indigitall.ankaa.dev\/br\/\" \/>\n<meta property=\"og:locale\" content=\"en_US\" \/>\n<meta property=\"og:type\" content=\"article\" \/>\n<meta property=\"og:title\" content=\"Todas as Comunica\u00e7\u00f5es de Sa\u00edda e Entrada em uma \u00danica Plataforma\" \/>\n<meta property=\"og:description\" content=\"A \u00fanica Plataforma de Viagem do Cliente que incorpora e automatiza todos os canais de comunica\u00e7\u00e3o digital.\" \/>\n<meta property=\"og:url\" content=\"https:\/\/indigitall.ankaa.dev\/br\/\" \/>\n<meta property=\"og:site_name\" content=\"indigitall\" \/>\n<meta property=\"article:modified_time\" content=\"2025-05-23T17:09:57+00:00\" \/>\n<meta name=\"twitter:card\" content=\"summary_large_image\" \/>\n<script type=\"application\/ld+json\" class=\"yoast-schema-graph\">{\"@context\":\"https:\/\/schema.org\",\"@graph\":[{\"@type\":\"WebPage\",\"@id\":\"https:\/\/indigitall.ankaa.dev\/br\/\",\"url\":\"https:\/\/indigitall.ankaa.dev\/br\/\",\"name\":\"Todas as Comunica\u00e7\u00f5es de Sa\u00edda e Entrada em uma \u00danica Plataforma\",\"isPartOf\":{\"@id\":\"https:\/\/indigitall.ankaa.dev\/br\/#website\"},\"datePublished\":\"2025-02-07T09:47:31+00:00\",\"dateModified\":\"2025-05-23T17:09:57+00:00\",\"description\":\"A \u00fanica Plataforma de Viagem do Cliente que incorpora e automatiza todos os canais de comunica\u00e7\u00e3o digital.\",\"breadcrumb\":{\"@id\":\"https:\/\/indigitall.ankaa.dev\/br\/#breadcrumb\"},\"inLanguage\":\"br-BR\",\"potentialAction\":[{\"@type\":\"ReadAction\",\"target\":[\"https:\/\/indigitall.ankaa.dev\/br\/\"]}]},{\"@type\":\"BreadcrumbList\",\"@id\":\"https:\/\/indigitall.ankaa.dev\/br\/#breadcrumb\",\"itemListElement\":[{\"@type\":\"ListItem\",\"position\":1,\"name\":\"Home\",\"item\":\"https:\/\/indigitall.com\/br\/\"},{\"@type\":\"ListItem\",\"position\":2,\"name\":\"Inicial\"}]},{\"@type\":\"WebSite\",\"@id\":\"https:\/\/indigitall.ankaa.dev\/br\/#website\",\"url\":\"https:\/\/indigitall.ankaa.dev\/br\/\",\"name\":\"indigitall\",\"description\":\"\",\"potentialAction\":[{\"@type\":\"SearchAction\",\"target\":{\"@type\":\"EntryPoint\",\"urlTemplate\":\"https:\/\/indigitall.ankaa.dev\/br\/?s={search_term_string}\"},\"query-input\":{\"@type\":\"PropertyValueSpecification\",\"valueRequired\":true,\"valueName\":\"search_term_string\"}}],\"inLanguage\":\"br-BR\"}]}<\/script>\n<!-- \/ Yoast SEO plugin. -->","yoast_head_json":{"title":"Todas as Comunica\u00e7\u00f5es de Sa\u00edda e Entrada em uma \u00danica Plataforma","description":"A \u00fanica Plataforma de Viagem do Cliente que incorpora e automatiza todos os canais de comunica\u00e7\u00e3o digital.","robots":{"index":"index","follow":"follow","max-snippet":"max-snippet:-1","max-image-preview":"max-image-preview:large","max-video-preview":"max-video-preview:-1"},"canonical":"https:\/\/indigitall.ankaa.dev\/br\/","og_locale":"en_US","og_type":"article","og_title":"Todas as Comunica\u00e7\u00f5es de Sa\u00edda e Entrada em uma \u00danica Plataforma","og_description":"A \u00fanica Plataforma de Viagem do Cliente que incorpora e automatiza todos os canais de comunica\u00e7\u00e3o digital.","og_url":"https:\/\/indigitall.ankaa.dev\/br\/","og_site_name":"indigitall","article_modified_time":"2025-05-23T17:09:57+00:00","twitter_card":"summary_large_image","schema":{"@context":"https:\/\/schema.org","@graph":[{"@type":"WebPage","@id":"https:\/\/indigitall.ankaa.dev\/br\/","url":"https:\/\/indigitall.ankaa.dev\/br\/","name":"Todas as Comunica\u00e7\u00f5es de Sa\u00edda e Entrada em uma \u00danica Plataforma","isPartOf":{"@id":"https:\/\/indigitall.ankaa.dev\/br\/#website"},"datePublished":"2025-02-07T09:47:31+00:00","dateModified":"2025-05-23T17:09:57+00:00","description":"A \u00fanica Plataforma de Viagem do Cliente que incorpora e automatiza todos os canais de comunica\u00e7\u00e3o digital.","breadcrumb":{"@id":"https:\/\/indigitall.ankaa.dev\/br\/#breadcrumb"},"inLanguage":"br-BR","potentialAction":[{"@type":"ReadAction","target":["https:\/\/indigitall.ankaa.dev\/br\/"]}]},{"@type":"BreadcrumbList","@id":"https:\/\/indigitall.ankaa.dev\/br\/#breadcrumb","itemListElement":[{"@type":"ListItem","position":1,"name":"Home","item":"https:\/\/indigitall.com\/br\/"},{"@type":"ListItem","position":2,"name":"Inicial"}]},{"@type":"WebSite","@id":"https:\/\/indigitall.ankaa.dev\/br\/#website","url":"https:\/\/indigitall.ankaa.dev\/br\/","name":"indigitall","description":"","potentialAction":[{"@type":"SearchAction","target":{"@type":"EntryPoint","urlTemplate":"https:\/\/indigitall.ankaa.dev\/br\/?s={search_term_string}"},"query-input":{"@type":"PropertyValueSpecification","valueRequired":true,"valueName":"search_term_string"}}],"inLanguage":"br-BR"}]}},"_links":{"self":[{"href":"https:\/\/indigitall.ankaa.dev\/br\/wp-json\/wp\/v2\/pages\/5328","targetHints":{"allow":["GET"]}}],"collection":[{"href":"https:\/\/indigitall.ankaa.dev\/br\/wp-json\/wp\/v2\/pages"}],"about":[{"href":"https:\/\/indigitall.ankaa.dev\/br\/wp-json\/wp\/v2\/types\/page"}],"author":[{"embeddable":true,"href":"https:\/\/indigitall.ankaa.dev\/br\/wp-json\/wp\/v2\/users\/3"}],"replies":[{"embeddable":true,"href":"https:\/\/indigitall.ankaa.dev\/br\/wp-json\/wp\/v2\/comments?post=5328"}],"version-history":[{"count":11,"href":"https:\/\/indigitall.ankaa.dev\/br\/wp-json\/wp\/v2\/pages\/5328\/revisions"}],"predecessor-version":[{"id":7796,"href":"https:\/\/indigitall.ankaa.dev\/br\/wp-json\/wp\/v2\/pages\/5328\/revisions\/7796"}],"wp:attachment":[{"href":"https:\/\/indigitall.ankaa.dev\/br\/wp-json\/wp\/v2\/media?parent=5328"}],"curies":[{"name":"wp","href":"https:\/\/api.w.org\/{rel}","templated":true}]}}