{"id":6669,"date":"2025-03-24T11:21:41","date_gmt":"2025-03-24T11:21:41","guid":{"rendered":"https:\/\/indigitall.ankaa.dev\/?page_id=6669"},"modified":"2025-05-27T16:22:55","modified_gmt":"2025-05-27T16:22:55","slug":"jornada-do-cliente","status":"publish","type":"page","link":"https:\/\/indigitall.ankaa.dev\/br\/customerjourney\/","title":{"rendered":"Customer Journey"},"content":{"rendered":"","protected":false},"excerpt":{"rendered":"","protected":false},"author":3,"featured_media":0,"parent":0,"menu_order":0,"comment_status":"closed","ping_status":"closed","template":"","meta":{"_acf_changed":false},"class_list":["post-6669","page","type-page","status-publish","hentry"],"acf":{"flexible_content":[{"acf_fc_layout":"hero_page","background_type":"image","dark_filter":0,"background_image":7829,"background_image_mobile":6696,"background_video":null,"background_video_mobile":null,"pretitle":"Jornada do cliente","title":"Fazemos todo o poss\u00edvel\r\npara passo o melhor","button_1":{"title":"","url":"#getstarted","target":""},"button_2":{"title":"Baixar e-book","url":"https:\/\/indigitall.ankaa.dev\/br\/ebook\/customer-journey-com-ia\/","target":"_blank"},"icon_button_2":6673,"download_ebook":true,"ebook_title":"Customer Journey","extra_content":"brands","title_cards":"","cards":null,"brands_custom_background_color":false,"brands_background_color":"","custom_brands":false,"brands":null},{"acf_fc_layout":"text_circles_background","background":6677,"background_mobile":6676,"title":"Crie uma experi\u00eancia de usu\u00e1rio perfeita conectando v\u00e1rios canais em uma \u00fanica estrat\u00e9gia","texts":[{"text":"Aumente a receita em at\u00e9 80% com a automa\u00e7\u00e3o personalizada"},{"text":"Melhore o envolvimento com insights em tempo real"},{"text":"Comunica\u00e7\u00e3o omnichannel perfeita"}],"link":{"title":"Veja mais hist\u00f3rias de sucesso","url":"https:\/\/indigitall.ankaa.dev\/success-stories\/","target":"_blank"}},{"acf_fc_layout":"sections_fixed_images","design":false,"title":"","link":null,"sections":[{"title":"Engajamento personalizado do cliente","subtitle":"","index":"01","text":"Entregue a mensagem certa, no momento certo, por meio do canal certo.","link":null,"list":[{"item":"Reduzir os custos finais"},{"item":"Conta sem requisitos de abertura"},{"item":"Resposta direta \u00e0s perguntas e d\u00favidas dos usu\u00e1rios"}],"tag":"","media_type":"image","image":7832,"image_mobile":null,"video":null,"video_mobile":null},{"title":"Vendas automatizadas, aumento de convers\u00e3o","subtitle":"","index":"02","text":"Oriente os clientes durante o processo de compra com a automa\u00e7\u00e3o baseada em IA.","link":null,"list":[{"item":"Retargeting inteligente para recuperar carrinhos abandonados e aumentar as vendas."},{"item":"Testes A\/B e otimiza\u00e7\u00e3o de campanhas para obter o m\u00e1ximo impacto."},{"item":"Acione fluxos de trabalho baseados em gatilhos para envolver os usu\u00e1rios em momentos cr\u00edticos."}],"tag":"","media_type":"image","image":7838,"image_mobile":null,"video":null,"video_mobile":null},{"title":"Otimiza\u00e7\u00e3o da reten\u00e7\u00e3o e da fidelidade","subtitle":"","index":"03","text":"Mantenha os clientes engajados e transforme-os em defensores de longo prazo.","link":null,"list":[{"item":"An\u00e1lise preditiva para identificar e evitar a rotatividade."},{"item":"Campanhas de fidelidade e recompensa para estimular compras repetidas."},{"item":"Comunica\u00e7\u00e3o p\u00f3s-compra para nutrir relacionamentos."}],"tag":"","media_type":"image","image":7835,"image_mobile":null,"video":null,"video_mobile":null}],"list_collapsed":false},{"acf_fc_layout":"card_title_list","pretitle":"INTEGRA\u00c7\u00d5ES","title":"A combina\u00e7\u00e3o perfeita para\r\nSeu CRM","text":"","list":[{"text":"Dados de sincroniza\u00e7\u00e3o autom\u00e1tica"},{"text":"Upload de CSV"},{"text":"Compatibilidade entre plataformas"},{"text":"Totalmente compat\u00edvel"}],"link":{"title":"Saiba mais sobre integra\u00e7\u00f5es","url":"https:\/\/indigitall.ankaa.dev\/br\/integracoes\/","target":""},"image_type":"right","image":5495,"image_mobile":null},{"acf_fc_layout":"keys_smoothest_journey","pretitle":"RECURSOS","title":"As chaves para o\r\nViagem mais tranquila","link":{"title":"Saiba mais sobre a IA indigitall","url":"https:\/\/indigitall.ankaa.dev\/br\/indigitall-ia\/","target":""},"cards":[{"icon":6687,"tag":"","text":"Filtros"},{"icon":6681,"tag":"AI","text":"Teste A\/B"},{"icon":6682,"tag":"","text":"Retargeting"},{"icon":6684,"tag":"AI","text":"Melhor caminho"},{"icon":6688,"tag":"","text":"Atraso"},{"icon":6690,"tag":"AI","text":"Melhor momento"},{"icon":6683,"tag":"","text":"Caminhos aleat\u00f3rios"},{"icon":6685,"tag":"AI","text":"Palavras-chave"},{"icon":6689,"tag":"","text":"Eventos push"},{"icon":6691,"tag":"AI","text":"Assist\u00eancia"},{"icon":6680,"tag":"","text":"Webhook"}]},{"acf_fc_layout":"slider_big_cards","pretitle":"HIST\u00d3RIAS DE SUCESSO","title":"Exemplos reais de reais\r\nMelhorias","link":{"title":"Veja mais hist\u00f3rias de sucesso","url":"https:\/\/indigitall.ankaa.dev\/br\/historias-de-sucesso\/","target":"_blank"},"cards":[{"card_type":"default","background_type":"image","background":5494,"background_mobile":5493,"logo":5492,"link":{"title":"Learn more","url":"\/","target":""},"pretitle":"","title":"","text":"\"A melhor coisa sobre a indigitall \u00e9 a proximidade; a pessoa que fala conosco est\u00e1 sempre dispon\u00edvel para o que precisamos. A interface \u00e9 muito simples e f\u00e1cil de usar, o que facilita o trabalho. \u00c9 uma ferramenta projetada para o usu\u00e1rio.\"","footer_text":"Jordi Aymar - CMO do Grupo Proclinic","card_title":"","card_text":""},{"card_type":"default","background_type":"image","background":6385,"background_mobile":6386,"logo":6700,"link":null,"pretitle":"","title":"","text":"\"A indigitall melhorou a experi\u00eancia de nossos clientes com o desenvolvimento de um poderoso bot do WhatsApp. Desde que o colocamos em produ\u00e7\u00e3o, as chamadas para o nosso atendimento ao cliente diminu\u00edram e a satisfa\u00e7\u00e3o do cliente aumentou com a implementa\u00e7\u00e3o desse novo canal de atendimento. O suporte deles sempre resolve os problemas que surgem de forma r\u00e1pida e eficaz.\"\r\n","footer_text":"Gerente de suporte ao cliente","card_title":"","card_text":""},{"card_type":"default","background_type":"image","background":6644,"background_mobile":6645,"logo":6704,"link":null,"pretitle":"","title":"","text":"Veja como o Real Madrid e o Atl\u00e9tico de Madrid aproveitaram os Chatbots do Whatsapp da indigitall para aumentar o engajamento dos torcedores e as vendas.","footer_text":"","card_title":"+41%","card_text":"Vendas promocionais mais altas alcan\u00e7adas com o Whatsapp"}]}],"hide_slider_blog":false,"slider_blog_custom_tag":null,"hide_mobile_fixed_buttons":false,"mobile_fixed_button_1":{"title":"","url":"#getstarted","target":""},"mobile_fixed_button_2":{"title":"Baixar e-book","url":"https:\/\/indigitall.ankaa.dev\/br\/ebook\/customer-journey-com-ia\/","target":"_blank"},"icon_mobile_fixed_button_2":6673,"download_ebook":true,"ebook_title":"Customer journey"},"yoast_head":"<!-- This site is optimized with the Yoast SEO plugin v26.5 - https:\/\/yoast.com\/wordpress\/plugins\/seo\/ -->\n<title>Customer Journey - indigitall<\/title>\n<meta name=\"robots\" content=\"index, follow, max-snippet:-1, max-image-preview:large, max-video-preview:-1\" \/>\n<link rel=\"canonical\" href=\"https:\/\/indigitall.ankaa.dev\/br\/customerjourney\/\" \/>\n<meta property=\"og:locale\" content=\"en_US\" \/>\n<meta property=\"og:type\" content=\"article\" \/>\n<meta property=\"og:title\" content=\"Customer Journey - indigitall\" \/>\n<meta property=\"og:url\" content=\"https:\/\/indigitall.ankaa.dev\/br\/customerjourney\/\" \/>\n<meta property=\"og:site_name\" content=\"indigitall\" \/>\n<meta property=\"article:modified_time\" content=\"2025-05-27T16:22:55+00:00\" \/>\n<meta name=\"twitter:card\" content=\"summary_large_image\" \/>\n<script type=\"application\/ld+json\" class=\"yoast-schema-graph\">{\"@context\":\"https:\/\/schema.org\",\"@graph\":[{\"@type\":\"WebPage\",\"@id\":\"https:\/\/indigitall.ankaa.dev\/br\/customerjourney\/\",\"url\":\"https:\/\/indigitall.ankaa.dev\/br\/customerjourney\/\",\"name\":\"Customer Journey - indigitall\",\"isPartOf\":{\"@id\":\"https:\/\/indigitall.ankaa.dev\/br\/#website\"},\"datePublished\":\"2025-03-24T11:21:41+00:00\",\"dateModified\":\"2025-05-27T16:22:55+00:00\",\"breadcrumb\":{\"@id\":\"https:\/\/indigitall.ankaa.dev\/br\/customerjourney\/#breadcrumb\"},\"inLanguage\":\"br-BR\",\"potentialAction\":[{\"@type\":\"ReadAction\",\"target\":[\"https:\/\/indigitall.ankaa.dev\/br\/customerjourney\/\"]}]},{\"@type\":\"BreadcrumbList\",\"@id\":\"https:\/\/indigitall.ankaa.dev\/br\/customerjourney\/#breadcrumb\",\"itemListElement\":[{\"@type\":\"ListItem\",\"position\":1,\"name\":\"Home\",\"item\":\"https:\/\/indigitall.com\/br\/\"},{\"@type\":\"ListItem\",\"position\":2,\"name\":\"Customer Journey\"}]},{\"@type\":\"WebSite\",\"@id\":\"https:\/\/indigitall.ankaa.dev\/br\/#website\",\"url\":\"https:\/\/indigitall.ankaa.dev\/br\/\",\"name\":\"indigitall\",\"description\":\"\",\"potentialAction\":[{\"@type\":\"SearchAction\",\"target\":{\"@type\":\"EntryPoint\",\"urlTemplate\":\"https:\/\/indigitall.ankaa.dev\/br\/?s={search_term_string}\"},\"query-input\":{\"@type\":\"PropertyValueSpecification\",\"valueRequired\":true,\"valueName\":\"search_term_string\"}}],\"inLanguage\":\"br-BR\"}]}<\/script>\n<!-- \/ Yoast SEO plugin. -->","yoast_head_json":{"title":"Customer Journey - indigitall","robots":{"index":"index","follow":"follow","max-snippet":"max-snippet:-1","max-image-preview":"max-image-preview:large","max-video-preview":"max-video-preview:-1"},"canonical":"https:\/\/indigitall.ankaa.dev\/br\/customerjourney\/","og_locale":"en_US","og_type":"article","og_title":"Customer Journey - indigitall","og_url":"https:\/\/indigitall.ankaa.dev\/br\/customerjourney\/","og_site_name":"indigitall","article_modified_time":"2025-05-27T16:22:55+00:00","twitter_card":"summary_large_image","schema":{"@context":"https:\/\/schema.org","@graph":[{"@type":"WebPage","@id":"https:\/\/indigitall.ankaa.dev\/br\/customerjourney\/","url":"https:\/\/indigitall.ankaa.dev\/br\/customerjourney\/","name":"Customer Journey - indigitall","isPartOf":{"@id":"https:\/\/indigitall.ankaa.dev\/br\/#website"},"datePublished":"2025-03-24T11:21:41+00:00","dateModified":"2025-05-27T16:22:55+00:00","breadcrumb":{"@id":"https:\/\/indigitall.ankaa.dev\/br\/customerjourney\/#breadcrumb"},"inLanguage":"br-BR","potentialAction":[{"@type":"ReadAction","target":["https:\/\/indigitall.ankaa.dev\/br\/customerjourney\/"]}]},{"@type":"BreadcrumbList","@id":"https:\/\/indigitall.ankaa.dev\/br\/customerjourney\/#breadcrumb","itemListElement":[{"@type":"ListItem","position":1,"name":"Home","item":"https:\/\/indigitall.com\/br\/"},{"@type":"ListItem","position":2,"name":"Customer Journey"}]},{"@type":"WebSite","@id":"https:\/\/indigitall.ankaa.dev\/br\/#website","url":"https:\/\/indigitall.ankaa.dev\/br\/","name":"indigitall","description":"","potentialAction":[{"@type":"SearchAction","target":{"@type":"EntryPoint","urlTemplate":"https:\/\/indigitall.ankaa.dev\/br\/?s={search_term_string}"},"query-input":{"@type":"PropertyValueSpecification","valueRequired":true,"valueName":"search_term_string"}}],"inLanguage":"br-BR"}]}},"_links":{"self":[{"href":"https:\/\/indigitall.ankaa.dev\/br\/wp-json\/wp\/v2\/pages\/6669","targetHints":{"allow":["GET"]}}],"collection":[{"href":"https:\/\/indigitall.ankaa.dev\/br\/wp-json\/wp\/v2\/pages"}],"about":[{"href":"https:\/\/indigitall.ankaa.dev\/br\/wp-json\/wp\/v2\/types\/page"}],"author":[{"embeddable":true,"href":"https:\/\/indigitall.ankaa.dev\/br\/wp-json\/wp\/v2\/users\/3"}],"replies":[{"embeddable":true,"href":"https:\/\/indigitall.ankaa.dev\/br\/wp-json\/wp\/v2\/comments?post=6669"}],"version-history":[{"count":4,"href":"https:\/\/indigitall.ankaa.dev\/br\/wp-json\/wp\/v2\/pages\/6669\/revisions"}],"predecessor-version":[{"id":7841,"href":"https:\/\/indigitall.ankaa.dev\/br\/wp-json\/wp\/v2\/pages\/6669\/revisions\/7841"}],"wp:attachment":[{"href":"https:\/\/indigitall.ankaa.dev\/br\/wp-json\/wp\/v2\/media?parent=6669"}],"curies":[{"name":"wp","href":"https:\/\/api.w.org\/{rel}","templated":true}]}}